{"id":347,"date":"2018-03-27T15:58:46","date_gmt":"2018-03-27T15:58:46","guid":{"rendered":"https:\/\/www.darrbaalaroub.com\/accueil\/"},"modified":"2018-05-21T11:36:07","modified_gmt":"2018-05-21T11:36:07","slug":"home","status":"publish","type":"page","link":"https:\/\/www.darrbaalaroub.com\/en\/home\/","title":{"rendered":"Home"},"content":{"rendered":"<div class=\"wpb-content-wrapper\"><p>[vc_row css_animation=&#8221;&#8221; row_type=&#8221;row&#8221; use_row_as_full_screen_section=&#8221;no&#8221; type=&#8221;grid&#8221; angled_section=&#8221;no&#8221; text_align=&#8221;left&#8221; background_image_as_pattern=&#8221;without_pattern&#8221; z_index=&#8221;&#8221;][vc_column][rev_slider_vc alias=&#8221;accueil&#8221;][vc_separator type=&#8221;transparent&#8221; thickness=&#8221;20&#8243;][vc_column_text]<\/p>\n<p class=\"page-title\" style=\"text-align: center;\">Presentation<\/p>\n<p>[\/vc_column_text][vc_single_image image=&#8221;471&#8243; img_size=&#8221;&#8221; alignment=&#8221;center&#8221; qode_css_animation=&#8221;&#8221; el_class=&#8221;page-title-icon-60&#8243;][vc_separator type=&#8221;transparent&#8221; thickness=&#8221;20&#8243;][vc_column_text]<\/p>\n<p class=\"page-text\" style=\"text-align: center;\">Dar Rbaa Laroub means &#8220;home quarter to four&#8221;. The riad is named because of a pendulum thrifted at the time of its creation twenty-six years ago, that stopped. This place, once reserved for relatives, has become one of the first true guest houses in Marrakech.<\/p>\n<p>&nbsp;<\/p>\n<p class=\"page-text\" style=\"text-align: center;\">Atypical house, it has the patina of old family riads and draws its authenticity from a true experience. Its walls have witnessed beautiful stories and pretty encounters. More than an address, Dar Rbaa Laroub illustrates a certain philosophy of travel. An authentic place where you have to dream, stroll and chill. The perfect place to tame a city and a country that have been and remain a real passion.<\/p>\n<p>[\/vc_column_text][vc_separator type=&#8221;transparent&#8221; thickness=&#8221;30&#8243;][\/vc_column][\/vc_row][vc_row css_animation=&#8221;&#8221; row_type=&#8221;row&#8221; use_row_as_full_screen_section=&#8221;no&#8221; type=&#8221;grid&#8221; angled_section=&#8221;no&#8221; text_align=&#8221;center&#8221; background_image_as_pattern=&#8221;without_pattern&#8221; z_index=&#8221;&#8221; css=&#8221;.vc_custom_1522317046499{padding-bottom: 50px !important;}&#8221;][vc_column width=&#8221;1\/3&#8243;][vc_column_text]<\/p>\n<p class=\"page-title\" style=\"text-align: center;\">Rooms<\/p>\n<p>[\/vc_column_text][vc_separator type=&#8221;transparent&#8221; thickness=&#8221;0&#8243;][vc_single_image image=&#8221;113&#8243; img_size=&#8221;&#8221; alignment=&#8221;center&#8221; qode_css_animation=&#8221;&#8221; el_class=&#8221;page-title-icon-40&#8243;][vc_separator type=&#8221;transparent&#8221; thickness=&#8221;0&#8243;][vc_single_image image=&#8221;61&#8243; img_size=&#8221;medium&#8221; alignment=&#8221;center&#8221; onclick=&#8221;custom_link&#8221; qode_css_animation=&#8221;&#8221; link=&#8221;https:\/\/www.darrbaalaroub.com\/en\/rooms\/&#8221;][vc_separator type=&#8221;transparent&#8221; thickness=&#8221;5&#8243;][vc_column_text css=&#8221;.vc_custom_1526893034858{padding-right: 10px !important;padding-left: 10px !important;}&#8221;]<span class=\"page-text\">An atypical riad where each room has its particular feel. From the single room to the family suite, choose the one that suits your needs.<\/span>[\/vc_column_text][\/vc_column][vc_column width=&#8221;1\/3&#8243;][vc_column_text]<\/p>\n<p class=\"page-title\" style=\"text-align: center;\">Terrace<\/p>\n<p>[\/vc_column_text][vc_separator type=&#8221;transparent&#8221; thickness=&#8221;0&#8243;][vc_single_image image=&#8221;113&#8243; img_size=&#8221;&#8221; alignment=&#8221;center&#8221; qode_css_animation=&#8221;&#8221; el_class=&#8221;page-title-icon-40&#8243;][vc_separator type=&#8221;transparent&#8221; thickness=&#8221;0&#8243;][vc_single_image image=&#8221;68&#8243; img_size=&#8221;medium&#8221; alignment=&#8221;center&#8221; onclick=&#8221;custom_link&#8221; qode_css_animation=&#8221;&#8221; el_class=&#8221;popmake-480&#8243; link=&#8221;#terasse&#8221;][vc_separator type=&#8221;transparent&#8221; thickness=&#8221;5&#8243;][vc_column_text css=&#8221;.vc_custom_1526892740051{padding-right: 10px !important;padding-left: 10px !important;}&#8221;]<span class=\"page-text\">Our roof terrace offers a magnificent view of the atlas. You can enjoy your breakfast or relax in the sun.<\/span>[\/vc_column_text][\/vc_column][vc_column width=&#8221;1\/3&#8243;][vc_column_text]<\/p>\n<p class=\"page-title\" style=\"text-align: center;\">Living room<\/p>\n<p>[\/vc_column_text][vc_separator type=&#8221;transparent&#8221; thickness=&#8221;0&#8243;][vc_single_image image=&#8221;113&#8243; img_size=&#8221;&#8221; alignment=&#8221;center&#8221; qode_css_animation=&#8221;&#8221; el_class=&#8221;page-title-icon-40&#8243;][vc_separator type=&#8221;transparent&#8221; thickness=&#8221;0&#8243;][vc_single_image image=&#8221;226&#8243; img_size=&#8221;medium&#8221; alignment=&#8221;center&#8221; onclick=&#8221;custom_link&#8221; qode_css_animation=&#8221;&#8221; el_class=&#8221;popmake-487&#8243; link=&#8221;#salon&#8221;][vc_separator type=&#8221;transparent&#8221; thickness=&#8221;5&#8243;][vc_column_text css=&#8221;.vc_custom_1526892791030{padding-right: 10px !important;padding-left: 10px !important;}&#8221;]<span class=\"page-text\">Our riad consists of several small spaces in the patio, a reading area to relax and a dining room for your meals.<\/span>[\/vc_column_text][\/vc_column][\/vc_row]<\/p>\n<\/div>","protected":false},"excerpt":{"rendered":"<p>[vc_row css_animation=&#8221;&#8221; row_type=&#8221;row&#8221; use_row_as_full_screen_section=&#8221;no&#8221; type=&#8221;grid&#8221; angled_section=&#8221;no&#8221; text_align=&#8221;left&#8221; background_image_as_pattern=&#8221;without_pattern&#8221; z_index=&#8221;&#8221;][vc_column][rev_slider_vc alias=&#8221;accueil&#8221;][vc_separator type=&#8221;transparent&#8221; thickness=&#8221;20&#8243;][vc_column_text] Presentation [\/vc_column_text][vc_single_image image=&#8221;471&#8243; img_size=&#8221;&#8221; alignment=&#8221;center&#8221; qode_css_animation=&#8221;&#8221; el_class=&#8221;page-title-icon-60&#8243;][vc_separator type=&#8221;transparent&#8221; thickness=&#8221;20&#8243;][vc_column_text] Dar Rbaa Laroub means &#8220;home quarter to four&#8221;. The riad is named because of a pendulum thrifted at the time of its creation twenty-six&#8230;<\/p>\n","protected":false},"author":1,"featured_media":0,"parent":0,"menu_order":0,"comment_status":"closed","ping_status":"closed","template":"full_width.php","meta":{"inline_featured_image":false,"footnotes":""},"class_list":["post-347","page","type-page","status-publish","hentry"],"yoast_head":"<!-- This site is optimized with the Yoast SEO plugin v26.5 - https:\/\/yoast.com\/wordpress\/plugins\/seo\/ -->\n<title>Dar Rbaa Laroub - Site officiel du Riad - Pr\u00e9sentation<\/title>\n<meta name=\"description\" content=\"Maison atypique, elle a la patine des anciens riads familiaux et tire son authenticit\u00e9 d\u2019un vrai v\u00e9cu. Ses murs ont \u00e9t\u00e9 t\u00e9moins de bien belles histoires et de jolies rencontres. Plus qu\u2019une adresse, Dar Rbaa Laroub illustre une certaine philosophie du voyage.\" \/>\n<meta name=\"robots\" content=\"index, follow, max-snippet:-1, max-image-preview:large, max-video-preview:-1\" \/>\n<link rel=\"canonical\" href=\"https:\/\/www.darrbaalaroub.com\/en\/home\/\" \/>\n<meta property=\"og:locale\" content=\"en_US\" \/>\n<meta property=\"og:type\" content=\"article\" \/>\n<meta property=\"og:title\" content=\"Dar Rbaa Laroub - Site officiel du Riad - Pr\u00e9sentation\" \/>\n<meta property=\"og:description\" content=\"Maison atypique, elle a la patine des anciens riads familiaux et tire son authenticit\u00e9 d\u2019un vrai v\u00e9cu. Ses murs ont \u00e9t\u00e9 t\u00e9moins de bien belles histoires et de jolies rencontres. Plus qu\u2019une adresse, Dar Rbaa Laroub illustre une certaine philosophie du voyage.\" \/>\n<meta property=\"og:url\" content=\"https:\/\/www.darrbaalaroub.com\/en\/home\/\" \/>\n<meta property=\"og:site_name\" content=\"Dar Rbaa Laroub\" \/>\n<meta property=\"article:publisher\" content=\"https:\/\/www.facebook.com\/Dar-Rbaa-Laroub-231495453720342\/\" \/>\n<meta property=\"article:modified_time\" content=\"2018-05-21T11:36:07+00:00\" \/>\n<meta name=\"twitter:card\" content=\"summary_large_image\" \/>\n<meta name=\"twitter:label1\" content=\"Est. reading time\" \/>\n\t<meta name=\"twitter:data1\" content=\"3 minutes\" \/>\n<script type=\"application\/ld+json\" class=\"yoast-schema-graph\">{\"@context\":\"https:\/\/schema.org\",\"@graph\":[{\"@type\":\"WebPage\",\"@id\":\"https:\/\/www.darrbaalaroub.com\/en\/home\/\",\"url\":\"https:\/\/www.darrbaalaroub.com\/en\/home\/\",\"name\":\"Dar Rbaa Laroub - Site officiel du Riad - Pr\u00e9sentation\",\"isPartOf\":{\"@id\":\"https:\/\/www.darrbaalaroub.com\/#website\"},\"datePublished\":\"2018-03-27T15:58:46+00:00\",\"dateModified\":\"2018-05-21T11:36:07+00:00\",\"description\":\"Maison atypique, elle a la patine des anciens riads familiaux et tire son authenticit\u00e9 d\u2019un vrai v\u00e9cu. Ses murs ont \u00e9t\u00e9 t\u00e9moins de bien belles histoires et de jolies rencontres. Plus qu\u2019une adresse, Dar Rbaa Laroub illustre une certaine philosophie du voyage.\",\"breadcrumb\":{\"@id\":\"https:\/\/www.darrbaalaroub.com\/en\/home\/#breadcrumb\"},\"inLanguage\":\"en-US\",\"potentialAction\":[{\"@type\":\"ReadAction\",\"target\":[\"https:\/\/www.darrbaalaroub.com\/en\/home\/\"]}]},{\"@type\":\"BreadcrumbList\",\"@id\":\"https:\/\/www.darrbaalaroub.com\/en\/home\/#breadcrumb\",\"itemListElement\":[{\"@type\":\"ListItem\",\"position\":1,\"name\":\"Home\",\"item\":\"https:\/\/www.darrbaalaroub.com\/\"},{\"@type\":\"ListItem\",\"position\":2,\"name\":\"Home\"}]},{\"@type\":\"WebSite\",\"@id\":\"https:\/\/www.darrbaalaroub.com\/#website\",\"url\":\"https:\/\/www.darrbaalaroub.com\/\",\"name\":\"Dar Rbaa Laroub\",\"description\":\"Riad Jean Noel \u00e0 Marrakech\",\"publisher\":{\"@id\":\"https:\/\/www.darrbaalaroub.com\/#organization\"},\"potentialAction\":[{\"@type\":\"SearchAction\",\"target\":{\"@type\":\"EntryPoint\",\"urlTemplate\":\"https:\/\/www.darrbaalaroub.com\/?s={search_term_string}\"},\"query-input\":{\"@type\":\"PropertyValueSpecification\",\"valueRequired\":true,\"valueName\":\"search_term_string\"}}],\"inLanguage\":\"en-US\"},{\"@type\":\"Organization\",\"@id\":\"https:\/\/www.darrbaalaroub.com\/#organization\",\"name\":\"Dar Rbaa Laroub\",\"url\":\"https:\/\/www.darrbaalaroub.com\/\",\"logo\":{\"@type\":\"ImageObject\",\"inLanguage\":\"en-US\",\"@id\":\"https:\/\/www.darrbaalaroub.com\/#\/schema\/logo\/image\/\",\"url\":\"https:\/\/www.darrbaalaroub.com\/wp-content\/uploads\/2018\/04\/entrance-webpage-1.jpg\",\"contentUrl\":\"https:\/\/www.darrbaalaroub.com\/wp-content\/uploads\/2018\/04\/entrance-webpage-1.jpg\",\"width\":1920,\"height\":1080,\"caption\":\"Dar Rbaa Laroub\"},\"image\":{\"@id\":\"https:\/\/www.darrbaalaroub.com\/#\/schema\/logo\/image\/\"},\"sameAs\":[\"https:\/\/www.facebook.com\/Dar-Rbaa-Laroub-231495453720342\/\",\"https:\/\/www.instagram.com\/riadjeannoel\/\"]}]}<\/script>\n<!-- \/ Yoast SEO plugin. -->","yoast_head_json":{"title":"Dar Rbaa Laroub - Site officiel du Riad - Pr\u00e9sentation","description":"Maison atypique, elle a la patine des anciens riads familiaux et tire son authenticit\u00e9 d\u2019un vrai v\u00e9cu. Ses murs ont \u00e9t\u00e9 t\u00e9moins de bien belles histoires et de jolies rencontres. Plus qu\u2019une adresse, Dar Rbaa Laroub illustre une certaine philosophie du voyage.","robots":{"index":"index","follow":"follow","max-snippet":"max-snippet:-1","max-image-preview":"max-image-preview:large","max-video-preview":"max-video-preview:-1"},"canonical":"https:\/\/www.darrbaalaroub.com\/en\/home\/","og_locale":"en_US","og_type":"article","og_title":"Dar Rbaa Laroub - Site officiel du Riad - Pr\u00e9sentation","og_description":"Maison atypique, elle a la patine des anciens riads familiaux et tire son authenticit\u00e9 d\u2019un vrai v\u00e9cu. Ses murs ont \u00e9t\u00e9 t\u00e9moins de bien belles histoires et de jolies rencontres. Plus qu\u2019une adresse, Dar Rbaa Laroub illustre une certaine philosophie du voyage.","og_url":"https:\/\/www.darrbaalaroub.com\/en\/home\/","og_site_name":"Dar Rbaa Laroub","article_publisher":"https:\/\/www.facebook.com\/Dar-Rbaa-Laroub-231495453720342\/","article_modified_time":"2018-05-21T11:36:07+00:00","twitter_card":"summary_large_image","twitter_misc":{"Est. reading time":"3 minutes"},"schema":{"@context":"https:\/\/schema.org","@graph":[{"@type":"WebPage","@id":"https:\/\/www.darrbaalaroub.com\/en\/home\/","url":"https:\/\/www.darrbaalaroub.com\/en\/home\/","name":"Dar Rbaa Laroub - Site officiel du Riad - Pr\u00e9sentation","isPartOf":{"@id":"https:\/\/www.darrbaalaroub.com\/#website"},"datePublished":"2018-03-27T15:58:46+00:00","dateModified":"2018-05-21T11:36:07+00:00","description":"Maison atypique, elle a la patine des anciens riads familiaux et tire son authenticit\u00e9 d\u2019un vrai v\u00e9cu. Ses murs ont \u00e9t\u00e9 t\u00e9moins de bien belles histoires et de jolies rencontres. Plus qu\u2019une adresse, Dar Rbaa Laroub illustre une certaine philosophie du voyage.","breadcrumb":{"@id":"https:\/\/www.darrbaalaroub.com\/en\/home\/#breadcrumb"},"inLanguage":"en-US","potentialAction":[{"@type":"ReadAction","target":["https:\/\/www.darrbaalaroub.com\/en\/home\/"]}]},{"@type":"BreadcrumbList","@id":"https:\/\/www.darrbaalaroub.com\/en\/home\/#breadcrumb","itemListElement":[{"@type":"ListItem","position":1,"name":"Home","item":"https:\/\/www.darrbaalaroub.com\/"},{"@type":"ListItem","position":2,"name":"Home"}]},{"@type":"WebSite","@id":"https:\/\/www.darrbaalaroub.com\/#website","url":"https:\/\/www.darrbaalaroub.com\/","name":"Dar Rbaa Laroub","description":"Riad Jean Noel \u00e0 Marrakech","publisher":{"@id":"https:\/\/www.darrbaalaroub.com\/#organization"},"potentialAction":[{"@type":"SearchAction","target":{"@type":"EntryPoint","urlTemplate":"https:\/\/www.darrbaalaroub.com\/?s={search_term_string}"},"query-input":{"@type":"PropertyValueSpecification","valueRequired":true,"valueName":"search_term_string"}}],"inLanguage":"en-US"},{"@type":"Organization","@id":"https:\/\/www.darrbaalaroub.com\/#organization","name":"Dar Rbaa Laroub","url":"https:\/\/www.darrbaalaroub.com\/","logo":{"@type":"ImageObject","inLanguage":"en-US","@id":"https:\/\/www.darrbaalaroub.com\/#\/schema\/logo\/image\/","url":"https:\/\/www.darrbaalaroub.com\/wp-content\/uploads\/2018\/04\/entrance-webpage-1.jpg","contentUrl":"https:\/\/www.darrbaalaroub.com\/wp-content\/uploads\/2018\/04\/entrance-webpage-1.jpg","width":1920,"height":1080,"caption":"Dar Rbaa Laroub"},"image":{"@id":"https:\/\/www.darrbaalaroub.com\/#\/schema\/logo\/image\/"},"sameAs":["https:\/\/www.facebook.com\/Dar-Rbaa-Laroub-231495453720342\/","https:\/\/www.instagram.com\/riadjeannoel\/"]}]}},"_links":{"self":[{"href":"https:\/\/www.darrbaalaroub.com\/en\/wp-json\/wp\/v2\/pages\/347","targetHints":{"allow":["GET"]}}],"collection":[{"href":"https:\/\/www.darrbaalaroub.com\/en\/wp-json\/wp\/v2\/pages"}],"about":[{"href":"https:\/\/www.darrbaalaroub.com\/en\/wp-json\/wp\/v2\/types\/page"}],"author":[{"embeddable":true,"href":"https:\/\/www.darrbaalaroub.com\/en\/wp-json\/wp\/v2\/users\/1"}],"replies":[{"embeddable":true,"href":"https:\/\/www.darrbaalaroub.com\/en\/wp-json\/wp\/v2\/comments?post=347"}],"version-history":[{"count":16,"href":"https:\/\/www.darrbaalaroub.com\/en\/wp-json\/wp\/v2\/pages\/347\/revisions"}],"predecessor-version":[{"id":559,"href":"https:\/\/www.darrbaalaroub.com\/en\/wp-json\/wp\/v2\/pages\/347\/revisions\/559"}],"wp:attachment":[{"href":"https:\/\/www.darrbaalaroub.com\/en\/wp-json\/wp\/v2\/media?parent=347"}],"curies":[{"name":"wp","href":"https:\/\/api.w.org\/{rel}","templated":true}]}}